{"id":183,"date":"2021-10-23T18:35:03","date_gmt":"2021-10-23T18:35:03","guid":{"rendered":"https:\/\/kits.themecy.com\/memberships-2\/?page_id=183"},"modified":"2024-04-25T07:29:33","modified_gmt":"2024-04-25T07:29:33","slug":"faq","status":"publish","type":"page","link":"https:\/\/leniris.hr\/hr\/faq\/","title":{"rendered":"FAQ"},"content":{"rendered":"<style>.kb-row-layout-id183_610d11-d1 > .kt-row-column-wrap{align-content:start;}:where(.kb-row-layout-id183_610d11-d1 > .kt-row-column-wrap) > .wp-block-kadence-column{justify-content:start;}.kb-row-layout-id183_610d11-d1 > .kt-row-column-wrap{column-gap:var(--global-kb-gap-md, 2rem);row-gap:var(--global-kb-gap-md, 2rem);max-width:var( --global-content-width, 1290px );padding-left:var(--global-content-edge-padding);padding-right:var(--global-content-edge-padding);padding-top:100px;padding-bottom:100px;grid-template-columns:minmax(0, 1fr);}.kb-row-layout-id183_610d11-d1 > .kt-row-layout-overlay{opacity:0.77;background-color:#ffffff;background-image:url('https:\/\/leniris.hr\/wp-content\/uploads\/2024\/04\/facade-of-modern-building-14956306-683x1024.jpg');background-size:cover;background-position:74% 23%;background-attachment:scroll;background-repeat:no-repeat;mix-blend-mode:luminosity;}@media all and (max-width: 1024px){.kb-row-layout-id183_610d11-d1 > .kt-row-column-wrap{grid-template-columns:minmax(0, 1fr);}}@media all and (max-width: 767px){.kb-row-layout-id183_610d11-d1 > .kt-row-column-wrap{grid-template-columns:minmax(0, 1fr);}}<\/style><div class=\"kb-row-layout-wrap kb-row-layout-id183_610d11-d1 alignnone has-theme-palette3-background-color kt-row-has-bg wp-block-kadence-rowlayout\"><div class=\"kt-row-layout-overlay kt-row-overlay-normal\"><\/div><div class=\"kt-row-column-wrap kt-has-1-columns kt-row-layout-equal kt-tab-layout-inherit kt-mobile-layout-row kt-row-valign-top kb-theme-content-width\">\n<style>.kadence-column183_7d4840-da > .kt-inside-inner-col,.kadence-column183_7d4840-da > .kt-inside-inner-col:before{border-top-left-radius:0px;border-top-right-radius:0px;border-bottom-right-radius:0px;border-bottom-left-radius:0px;}.kadence-column183_7d4840-da > .kt-inside-inner-col{column-gap:var(--global-kb-gap-sm, 1rem);}.kadence-column183_7d4840-da > .kt-inside-inner-col{flex-direction:column;}.kadence-column183_7d4840-da > .kt-inside-inner-col > .aligncenter{width:100%;}.kadence-column183_7d4840-da > .kt-inside-inner-col:before{opacity:0.3;}.kadence-column183_7d4840-da{position:relative;}@media all and (max-width: 1024px){.kadence-column183_7d4840-da > .kt-inside-inner-col{flex-direction:column;}}@media all and (max-width: 767px){.kadence-column183_7d4840-da > .kt-inside-inner-col{flex-direction:column;}}<\/style>\n<div class=\"wp-block-kadence-column kadence-column183_7d4840-da inner-column-1\"><div class=\"kt-inside-inner-col\"><style>.wp-block-kadence-advancedheading.kt-adv-heading183_3b906a-28, .wp-block-kadence-advancedheading.kt-adv-heading183_3b906a-28[data-kb-block=\"kb-adv-heading183_3b906a-28\"]{padding-bottom:20px;text-align:center;font-style:normal;}.wp-block-kadence-advancedheading.kt-adv-heading183_3b906a-28 mark.kt-highlight, .wp-block-kadence-advancedheading.kt-adv-heading183_3b906a-28[data-kb-block=\"kb-adv-heading183_3b906a-28\"] mark.kt-highlight{font-style:normal;color:#f76a0c;padding-top:0px;padding-right:0px;padding-bottom:0px;padding-left:0px;}<\/style>\n<h6 class=\"kt-adv-heading183_3b906a-28 wp-block-kadence-advancedheading has-theme-palette-1-color has-text-color\" data-kb-block=\"kb-adv-heading183_3b906a-28\">FAQ<\/h6>\n\n\n<style>.wp-block-kadence-advancedheading.kt-adv-heading183_36bad7-10, .wp-block-kadence-advancedheading.kt-adv-heading183_36bad7-10[data-kb-block=\"kb-adv-heading183_36bad7-10\"]{text-align:center;font-style:normal;}.wp-block-kadence-advancedheading.kt-adv-heading183_36bad7-10 mark.kt-highlight, .wp-block-kadence-advancedheading.kt-adv-heading183_36bad7-10[data-kb-block=\"kb-adv-heading183_36bad7-10\"] mark.kt-highlight{font-style:normal;color:#f76a0c;padding-top:0px;padding-right:0px;padding-bottom:0px;padding-left:0px;}@media all and (max-width: 767px){.wp-block-kadence-advancedheading.kt-adv-heading183_36bad7-10, .wp-block-kadence-advancedheading.kt-adv-heading183_36bad7-10[data-kb-block=\"kb-adv-heading183_36bad7-10\"]{font-size:24px;}}<\/style>\n<h2 class=\"kt-adv-heading183_36bad7-10 wp-block-kadence-advancedheading has-theme-palette-9-color has-text-color\" data-kb-block=\"kb-adv-heading183_36bad7-10\">Odgovori na \u010desto<br>postavljana pitanja<\/h2>\n\n\n<style>.kb-row-layout-id183_11b1d9-6f > .kt-row-column-wrap{align-content:start;}:where(.kb-row-layout-id183_11b1d9-6f > .kt-row-column-wrap) > .wp-block-kadence-column{justify-content:start;}.kb-row-layout-id183_11b1d9-6f > .kt-row-column-wrap{column-gap:var(--global-kb-gap-md, 2rem);row-gap:var(--global-kb-gap-md, 2rem);max-width:900px;margin-left:auto;margin-right:auto;padding-top:var(--global-kb-spacing-sm, 1.5rem);padding-bottom:var(--global-kb-spacing-sm, 1.5rem);grid-template-columns:minmax(0, 1fr);}.kb-row-layout-id183_11b1d9-6f > .kt-row-layout-overlay{opacity:0.30;}@media all and (max-width: 1024px){.kb-row-layout-id183_11b1d9-6f > .kt-row-column-wrap{grid-template-columns:minmax(0, 1fr);}}@media all and (max-width: 767px){.kb-row-layout-id183_11b1d9-6f > .kt-row-column-wrap{grid-template-columns:minmax(0, 1fr);}}<\/style><div class=\"kb-row-layout-wrap kb-row-layout-id183_11b1d9-6f alignnone wp-block-kadence-rowlayout\"><div class=\"kt-row-column-wrap kt-has-1-columns kt-row-layout-equal kt-tab-layout-inherit kt-mobile-layout-row kt-row-valign-top\">\n<style>.kadence-column183_578ff9-ed > .kt-inside-inner-col{padding-top:40px;padding-right:40px;padding-bottom:40px;padding-left:40px;}.kadence-column183_578ff9-ed > .kt-inside-inner-col,.kadence-column183_578ff9-ed > .kt-inside-inner-col:before{border-top-left-radius:0px;border-top-right-radius:0px;border-bottom-right-radius:0px;border-bottom-left-radius:0px;}.kadence-column183_578ff9-ed > .kt-inside-inner-col{column-gap:var(--global-kb-gap-sm, 1rem);}.kadence-column183_578ff9-ed > .kt-inside-inner-col{flex-direction:column;}.kadence-column183_578ff9-ed > .kt-inside-inner-col > .aligncenter{width:100%;}.kadence-column183_578ff9-ed > .kt-inside-inner-col{background-color:var(--global-palette3, #1A202C);}.kadence-column183_578ff9-ed > .kt-inside-inner-col:before{opacity:0.3;}.kadence-column183_578ff9-ed{position:relative;}@media all and (max-width: 1024px){.kadence-column183_578ff9-ed > .kt-inside-inner-col{flex-direction:column;}}@media all and (max-width: 767px){.kadence-column183_578ff9-ed > .kt-inside-inner-col{padding-right:10px;padding-left:10px;flex-direction:column;}}<\/style>\n<div class=\"wp-block-kadence-column kadence-column183_578ff9-ed\"><div class=\"kt-inside-inner-col\"><style>.kt-accordion-id183_2723bf-d1 .kt-accordion-inner-wrap{column-gap:var(--global-kb-gap-md, 2rem);row-gap:8px;}.kt-accordion-id183_2723bf-d1 .kt-accordion-panel-inner{border-top:0px solid transparent;border-right:0px solid transparent;border-bottom:0px solid transparent;border-left:0px solid transparent;padding-top:20px;padding-right:20px;padding-bottom:20px;padding-left:50px;}.kt-accordion-id183_2723bf-d1 .wp-block-kadence-pane .kt-accordion-header-wrap .kt-blocks-accordion-header{border-top-color:#f2f2f2;border-top-style:solid;border-right-color:#f2f2f2;border-right-style:solid;border-bottom-color:#f2f2f2;border-bottom-style:solid;border-left-color:#f2f2f2;border-left-style:solid;border-top-left-radius:0px;border-top-right-radius:0px;border-bottom-right-radius:0px;border-bottom-left-radius:0px;background:var(--global-palette3, #1A202C);font-size:14px;line-height:24px;font-family:'Krona One';font-weight:400;text-transform:uppercase;color:var(--global-palette9, #ffffff);padding-top:14px;padding-right:10px;padding-bottom:6px;padding-left:16px;}.kt-accordion-id183_2723bf-d1:not( .kt-accodion-icon-style-basiccircle ):not( .kt-accodion-icon-style-xclosecircle ):not( .kt-accodion-icon-style-arrowcircle ) .kt-blocks-accordion-icon-trigger:after, .kt-accordion-id183_2723bf-d1:not( .kt-accodion-icon-style-basiccircle ):not( .kt-accodion-icon-style-xclosecircle ):not( .kt-accodion-icon-style-arrowcircle ) .kt-blocks-accordion-icon-trigger:before{background:var(--global-palette9, #ffffff);}.kt-accordion-id183_2723bf-d1:not( .kt-accodion-icon-style-basic ):not( .kt-accodion-icon-style-xclose ):not( .kt-accodion-icon-style-arrow ) .kt-blocks-accordion-icon-trigger{background:var(--global-palette9, #ffffff);}.kt-accordion-id183_2723bf-d1:not( .kt-accodion-icon-style-basic ):not( .kt-accodion-icon-style-xclose ):not( .kt-accodion-icon-style-arrow ) .kt-blocks-accordion-icon-trigger:after, .kt-accordion-id183_2723bf-d1:not( .kt-accodion-icon-style-basic ):not( .kt-accodion-icon-style-xclose ):not( .kt-accodion-icon-style-arrow ) .kt-blocks-accordion-icon-trigger:before{background:var(--global-palette3, #1A202C);}.kt-accordion-id183_2723bf-d1 .kt-accordion-header-wrap .kt-blocks-accordion-header:hover, body:not(.hide-focus-outline) .kt-accordion-id183_2723bf-d1 .kt-accordion-header-wrap .kt-blocks-accordion-header:focus-visible{color:var(--global-palette1, #3182CE);border-top-color:#eeeeee;border-top-style:solid;border-right-color:#eeeeee;border-right-style:solid;border-bottom-color:#eeeeee;border-bottom-style:solid;border-left-color:#eeeeee;border-left-style:solid;}.kt-accordion-id183_2723bf-d1:not( .kt-accodion-icon-style-basiccircle ):not( .kt-accodion-icon-style-xclosecircle ):not( .kt-accodion-icon-style-arrowcircle ) .kt-blocks-accordion-header:hover .kt-blocks-accordion-icon-trigger:after, .kt-accordion-id183_2723bf-d1:not( .kt-accodion-icon-style-basiccircle ):not( .kt-accodion-icon-style-xclosecircle ):not( .kt-accodion-icon-style-arrowcircle ) .kt-blocks-accordion-header:hover .kt-blocks-accordion-icon-trigger:before, body:not(.hide-focus-outline) .kt-accordion-id183_2723bf-d1:not( .kt-accodion-icon-style-basiccircle ):not( .kt-accodion-icon-style-xclosecircle ):not( .kt-accodion-icon-style-arrowcircle ) .kt-blocks-accordion--visible .kt-blocks-accordion-icon-trigger:after, body:not(.hide-focus-outline) .kt-accordion-id183_2723bf-d1:not( .kt-accodion-icon-style-basiccircle ):not( .kt-accodion-icon-style-xclosecircle ):not( .kt-accodion-icon-style-arrowcircle ) .kt-blocks-accordion-header:focus-visible .kt-blocks-accordion-icon-trigger:before{background:var(--global-palette1, #3182CE);}.kt-accordion-id183_2723bf-d1:not( .kt-accodion-icon-style-basic ):not( .kt-accodion-icon-style-xclose ):not( .kt-accodion-icon-style-arrow ) .kt-blocks-accordion-header:hover .kt-blocks-accordion-icon-trigger, body:not(.hide-focus-outline) .kt-accordion-id183_2723bf-d1:not( .kt-accodion-icon-style-basic ):not( .kt-accodion-icon-style-xclose ):not( .kt-accodion-icon-style-arrow ) .kt-blocks-accordion-header:focus-visible .kt-blocks-accordion-icon-trigger{background:var(--global-palette1, #3182CE);}.kt-accordion-id183_2723bf-d1 .kt-accordion-header-wrap .kt-blocks-accordion-header:focus-visible, .kt-accordion-id183_2723bf-d1 .kt-accordion-header-wrap .kt-blocks-accordion-header.kt-accordion-panel-active{color:var(--global-palette1, #3182CE);border-top-color:#0e9cd1;border-top-style:solid;border-right-color:#0e9cd1;border-right-style:solid;border-bottom-color:#0e9cd1;border-bottom-style:solid;border-left-color:#0e9cd1;border-left-style:solid;}.kt-accordion-id183_2723bf-d1:not( .kt-accodion-icon-style-basiccircle ):not( .kt-accodion-icon-style-xclosecircle ):not( .kt-accodion-icon-style-arrowcircle ) .kt-blocks-accordion-header.kt-accordion-panel-active .kt-blocks-accordion-icon-trigger:after, .kt-accordion-id183_2723bf-d1:not( .kt-accodion-icon-style-basiccircle ):not( .kt-accodion-icon-style-xclosecircle ):not( .kt-accodion-icon-style-arrowcircle ) .kt-blocks-accordion-header.kt-accordion-panel-active .kt-blocks-accordion-icon-trigger:before{background:var(--global-palette1, #3182CE);}.kt-accordion-id183_2723bf-d1:not( .kt-accodion-icon-style-basic ):not( .kt-accodion-icon-style-xclose ):not( .kt-accodion-icon-style-arrow ) .kt-blocks-accordion-header.kt-accordion-panel-active .kt-blocks-accordion-icon-trigger{background:var(--global-palette1, #3182CE);}@media all and (max-width: 1024px){.kt-accordion-id183_2723bf-d1 .kt-accordion-panel-inner{border-top:0px solid transparent;border-right:0px solid transparent;border-bottom:0px solid transparent;border-left:0px solid transparent;}}@media all and (max-width: 1024px){.kt-accordion-id183_2723bf-d1 .wp-block-kadence-pane .kt-accordion-header-wrap .kt-blocks-accordion-header{border-top-color:#f2f2f2;border-top-style:solid;border-right-color:#f2f2f2;border-right-style:solid;border-bottom-color:#f2f2f2;border-bottom-style:solid;border-left-color:#f2f2f2;border-left-style:solid;}}@media all and (max-width: 1024px){.kt-accordion-id183_2723bf-d1 .kt-accordion-header-wrap .kt-blocks-accordion-header:hover, body:not(.hide-focus-outline) .kt-accordion-id183_2723bf-d1 .kt-accordion-header-wrap .kt-blocks-accordion-header:focus-visible{border-top-color:#eeeeee;border-top-style:solid;border-right-color:#eeeeee;border-right-style:solid;border-bottom-color:#eeeeee;border-bottom-style:solid;border-left-color:#eeeeee;border-left-style:solid;}}@media all and (max-width: 1024px){.kt-accordion-id183_2723bf-d1 .kt-accordion-header-wrap .kt-blocks-accordion-header:focus-visible, .kt-accordion-id183_2723bf-d1 .kt-accordion-header-wrap .kt-blocks-accordion-header.kt-accordion-panel-active{border-top-color:#0e9cd1;border-top-style:solid;border-right-color:#0e9cd1;border-right-style:solid;border-bottom-color:#0e9cd1;border-bottom-style:solid;border-left-color:#0e9cd1;border-left-style:solid;}}@media all and (max-width: 767px){.kt-accordion-id183_2723bf-d1 .kt-accordion-inner-wrap{display:block;}.kt-accordion-id183_2723bf-d1 .kt-accordion-inner-wrap .kt-accordion-pane:not(:first-child){margin-top:8px;}.kt-accordion-id183_2723bf-d1 .kt-accordion-panel-inner{border-top:0px solid transparent;border-right:0px solid transparent;border-bottom:0px solid transparent;border-left:0px solid transparent;}.kt-accordion-id183_2723bf-d1 .wp-block-kadence-pane .kt-accordion-header-wrap .kt-blocks-accordion-header{border-top-color:#f2f2f2;border-top-style:solid;border-right-color:#f2f2f2;border-right-style:solid;border-bottom-color:#f2f2f2;border-bottom-style:solid;border-left-color:#f2f2f2;border-left-style:solid;}.kt-accordion-id183_2723bf-d1 .kt-accordion-header-wrap .kt-blocks-accordion-header:hover, body:not(.hide-focus-outline) .kt-accordion-id183_2723bf-d1 .kt-accordion-header-wrap .kt-blocks-accordion-header:focus-visible{border-top-color:#eeeeee;border-top-style:solid;border-right-color:#eeeeee;border-right-style:solid;border-bottom-color:#eeeeee;border-bottom-style:solid;border-left-color:#eeeeee;border-left-style:solid;}.kt-accordion-id183_2723bf-d1 .kt-accordion-header-wrap .kt-blocks-accordion-header:focus-visible, .kt-accordion-id183_2723bf-d1 .kt-accordion-header-wrap .kt-blocks-accordion-header.kt-accordion-panel-active{border-top-color:#0e9cd1;border-top-style:solid;border-right-color:#0e9cd1;border-right-style:solid;border-bottom-color:#0e9cd1;border-bottom-style:solid;border-left-color:#0e9cd1;border-left-style:solid;}}<\/style>\n<div class=\"wp-block-kadence-accordion alignnone\"><div class=\"kt-accordion-wrap kt-accordion-id183_2723bf-d1 kt-accordion-has-8-panes kt-active-pane-0 kt-accordion-block kt-pane-header-alignment-left kt-accodion-icon-style-basic kt-accodion-icon-side-left\" style=\"max-width:none\"><div class=\"kt-accordion-inner-wrap\" data-allow-multiple-open=\"false\" data-start-open=\"none\">\n<div class=\"wp-block-kadence-pane kt-accordion-pane kt-accordion-pane-3 kt-pane183_0457e9-7b\"><div class=\"kt-accordion-header-wrap\"><button class=\"kt-blocks-accordion-header kt-acccordion-button-label-show\"><span class=\"kt-blocks-accordion-title-wrap\"><span class=\"kt-blocks-accordion-title\"><strong>Kako Leniris pristupa integraciji novih web rje\u0161enja sa postoje\u0107im IT sustavima Va\u0161eg poduze\u0107a?<\/strong><\/span><\/span><span class=\"kt-blocks-accordion-icon-trigger\"><\/span><\/button><\/div><div class=\"kt-accordion-panel kt-accordion-panel-hidden\"><div class=\"kt-accordion-panel-inner\">\n<p class=\"has-theme-palette-9-color has-text-color\">Ovo pitanje je klju\u010dno za razumijevanje kako \u0107e se novo rje\u0161enje uklopiti u ve\u0107 postoje\u0107u infrastrukturu i kako \u0107e se minimizirati prekidi u poslovanju tijekom implementacije.<\/p>\n<\/div><\/div><\/div>\n\n\n\n<div class=\"wp-block-kadence-pane kt-accordion-pane kt-accordion-pane-8 kt-pane183_ecd752-17\"><div class=\"kt-accordion-header-wrap\"><button class=\"kt-blocks-accordion-header kt-acccordion-button-label-show\"><span class=\"kt-blocks-accordion-title-wrap\"><span class=\"kt-blocks-accordion-title\"><strong>Koji su klju\u010dni koraci koje Leniris poduzima u analizi i unapre\u0111enju Va\u0161ih poslovnih procesa prije razvoja rje\u0161enja?<\/strong><\/span><\/span><span class=\"kt-blocks-accordion-icon-trigger\"><\/span><\/button><\/div><div class=\"kt-accordion-panel kt-accordion-panel-hidden\"><div class=\"kt-accordion-panel-inner\">\n<p class=\"has-theme-palette-9-color has-text-color\">Pitanje je usmjereno na razumijevanje procesa pripreme i pred-razvojne analize koje Leniris provodi kako bi se osiguralo da rje\u0161enje odgovara specifi\u010dnim poslovnim potrebama naru\u010dioca.<\/p>\n<\/div><\/div><\/div>\n\n\n\n<div class=\"wp-block-kadence-pane kt-accordion-pane kt-accordion-pane-4 kt-pane183_4cbd25-df\"><div class=\"kt-accordion-header-wrap\"><button class=\"kt-blocks-accordion-header kt-acccordion-button-label-show\"><span class=\"kt-blocks-accordion-title-wrap\"><span class=\"kt-blocks-accordion-title\"><strong>Kako Leniris osigurava uskla\u0111enost razvijenih rje\u0161enja s zakonskim i strukovnim zahtjevima Va\u0161eg sektora?<\/strong><\/span><\/span><span class=\"kt-blocks-accordion-icon-trigger\"><\/span><\/button><\/div><div class=\"kt-accordion-panel kt-accordion-panel-hidden\"><div class=\"kt-accordion-panel-inner\">\n<p class=\"has-theme-palette-9-color has-text-color\">Ovo je bitno za poduze\u0107a koja djeluju u reguliranim sektorima poput osiguranja, bankarstva i medicine, gdje nepo\u0161tivanje regulativa mo\u017ee imati ozbiljne posljedice.<\/p>\n<\/div><\/div><\/div>\n\n\n\n<div class=\"wp-block-kadence-pane kt-accordion-pane kt-accordion-pane-5 kt-pane183_93246b-57\"><div class=\"kt-accordion-header-wrap\"><button class=\"kt-blocks-accordion-header kt-acccordion-button-label-show\"><span class=\"kt-blocks-accordion-title-wrap\"><span class=\"kt-blocks-accordion-title\"><strong>Na koji na\u010din Leniris uklju\u010duje klju\u010dne korisnike u proces razvoja i koje benefite to pru\u017ea Va\u0161em timu?<\/strong><\/span><\/span><span class=\"kt-blocks-accordion-icon-trigger\"><\/span><\/button><\/div><div class=\"kt-accordion-panel kt-accordion-panel-hidden\"><div class=\"kt-accordion-panel-inner\">\n<p class=\"has-theme-palette-9-color has-text-color\">Pitanje istra\u017euje kako naru\u010dilac mo\u017ee biti uklju\u010den u proces razvoja i kako to poma\u017ee u edukaciji i preuzimanju vlasni\u0161tva nad rje\u0161enjem.<\/p>\n<\/div><\/div><\/div>\n\n\n\n<div class=\"wp-block-kadence-pane kt-accordion-pane kt-accordion-pane-6 kt-pane183_149178-56\"><div class=\"kt-accordion-header-wrap\"><button class=\"kt-blocks-accordion-header kt-acccordion-button-label-show\"><span class=\"kt-blocks-accordion-title-wrap\"><span class=\"kt-blocks-accordion-title\"><strong>Koje metode podr\u0161ke i odr\u017eavanja Leniris nudi nakon implementacije rje\u0161enja, i kako se prilago\u0111avaju promjenama u zakonodavnom okviru i poslovnim zahtjevima?<\/strong><\/span><\/span><span class=\"kt-blocks-accordion-icon-trigger\"><\/span><\/button><\/div><div class=\"kt-accordion-panel kt-accordion-panel-hidden\"><div class=\"kt-accordion-panel-inner\">\n<p class=\"has-theme-palette-9-color has-text-color\">Ovo pitanje se fokusira na post-projektne usluge koje su klju\u010dne za dugoro\u010dnu odr\u017eivost i evoluciju IT rje\u0161enja, posebno u brzo mijenjaju\u0107im industrijskim i zakonskim okru\u017eenjima.<\/p>\n<\/div><\/div><\/div>\n\n\n\n<div class=\"wp-block-kadence-pane kt-accordion-pane kt-accordion-pane-7 kt-pane183_592e5d-bd\"><div class=\"kt-accordion-header-wrap\"><button class=\"kt-blocks-accordion-header kt-acccordion-button-label-show\"><span class=\"kt-blocks-accordion-title-wrap\"><span class=\"kt-blocks-accordion-title\"><strong>Kako Leniris provodi testiranje i osigurava kvalitetu novih rje\u0161enja prije njihove kona\u010dne isporuke?<\/strong><br\/><\/span><\/span><span class=\"kt-blocks-accordion-icon-trigger\"><\/span><\/button><\/div><div class=\"kt-accordion-panel kt-accordion-panel-hidden\"><div class=\"kt-accordion-panel-inner\">\n<p class=\"has-theme-palette-9-color has-text-color\">Ovo pitanje istra\u017euje metode koje Leniris koristi za testiranje svojih rje\u0161enja kako bi osigurao da su ona pouzdana i spremna za krajnje korisnike prije pu\u0161tanja u rad.<\/p>\n<\/div><\/div><\/div>\n<\/div><\/div><\/div>\n<\/div><\/div>\n\n<\/div><\/div><\/div><\/div>\n\n<\/div><\/div>","protected":false},"excerpt":{"rendered":"<p>FAQ Odgovori na \u010destopostavljana pitanja<\/p>\n","protected":false},"author":2,"featured_media":0,"parent":0,"menu_order":0,"comment_status":"closed","ping_status":"closed","template":"","meta":{"_kad_blocks_custom_css":"","_kad_blocks_head_custom_js":"","_kad_blocks_body_custom_js":"","_kad_blocks_footer_custom_js":"","_kadence_starter_templates_imported_post":true,"_kad_post_transparent":"","_kad_post_title":"hide","_kad_post_layout":"fullwidth","_kad_post_sidebar_id":"","_kad_post_content_style":"unboxed","_kad_post_vertical_padding":"hide","_kad_post_feature":"hide","_kad_post_feature_position":"","_kad_post_header":false,"_kad_post_footer":false,"footnotes":""},"class_list":["post-183","page","type-page","status-publish","hentry"],"taxonomy_info":[],"featured_image_src_large":false,"author_info":{"display_name":"ana","author_link":"https:\/\/leniris.hr\/hr\/author\/ana\/"},"comment_info":0,"_links":{"self":[{"href":"https:\/\/leniris.hr\/hr\/wp-json\/wp\/v2\/pages\/183","targetHints":{"allow":["GET"]}}],"collection":[{"href":"https:\/\/leniris.hr\/hr\/wp-json\/wp\/v2\/pages"}],"about":[{"href":"https:\/\/leniris.hr\/hr\/wp-json\/wp\/v2\/types\/page"}],"author":[{"embeddable":true,"href":"https:\/\/leniris.hr\/hr\/wp-json\/wp\/v2\/users\/2"}],"replies":[{"embeddable":true,"href":"https:\/\/leniris.hr\/hr\/wp-json\/wp\/v2\/comments?post=183"}],"version-history":[{"count":7,"href":"https:\/\/leniris.hr\/hr\/wp-json\/wp\/v2\/pages\/183\/revisions"}],"predecessor-version":[{"id":1785,"href":"https:\/\/leniris.hr\/hr\/wp-json\/wp\/v2\/pages\/183\/revisions\/1785"}],"wp:attachment":[{"href":"https:\/\/leniris.hr\/hr\/wp-json\/wp\/v2\/media?parent=183"}],"curies":[{"name":"wp","href":"https:\/\/api.w.org\/{rel}","templated":true}]}}